{"id":9872,"date":"2023-07-17T14:29:15","date_gmt":"2023-07-17T11:29:15","guid":{"rendered":"https:\/\/www.bahtiyardogan.com.tr\/?page_id=9872"},"modified":"2023-08-22T11:25:26","modified_gmt":"2023-08-22T08:25:26","slug":"urun-yukleme-detaylari","status":"publish","type":"page","link":"https:\/\/www.bahtiyardogan.com.tr\/en\/urun-yukleme-detaylari\/","title":{"rendered":"\u00dcr\u00fcn Y\u00fckleme Detaylar\u0131"},"content":{"rendered":"<div data-elementor-type=\"wp-page\" data-elementor-id=\"9872\" class=\"elementor elementor-9872\" data-elementor-post-type=\"page\">\n\t\t\t\t\t\t<section class=\"elementor-section elementor-top-section elementor-element elementor-element-1cb0d80 elementor-section-boxed elementor-section-height-default elementor-section-height-default\" data-id=\"1cb0d80\" data-element_type=\"section\">\n\t\t\t\t\t\t<div class=\"elementor-container elementor-column-gap-default\">\n\t\t\t\t\t<div class=\"elementor-column elementor-col-50 elementor-top-column elementor-element elementor-element-4b0837e\" data-id=\"4b0837e\" data-element_type=\"column\">\n\t\t\t<div class=\"elementor-widget-wrap elementor-element-populated\">\n\t\t\t\t\t\t<div class=\"elementor-element elementor-element-4e8ddc0 elementor-position-top elementor-widget elementor-widget-image-box\" data-id=\"4e8ddc0\" data-element_type=\"widget\" data-widget_type=\"image-box.default\">\n\t\t\t\t<div class=\"elementor-widget-container\">\n\t\t\t<div class=\"elementor-image-box-wrapper\"><figure class=\"elementor-image-box-img\"><a href=\"\/en\/kuruyemis-yukleme-detaylari\/\" tabindex=\"-1\"><img fetchpriority=\"high\" decoding=\"async\" width=\"1080\" height=\"1080\" src=\"https:\/\/www.bahtiyardogan.com.tr\/wp-content\/uploads\/2020\/08\/kuruyemis-yukleme-deyatlari-gorseli.jpg\" class=\"attachment-full size-full wp-image-10115\" alt=\"\" srcset=\"https:\/\/www.bahtiyardogan.com.tr\/wp-content\/uploads\/2020\/08\/kuruyemis-yukleme-deyatlari-gorseli.jpg 1080w, https:\/\/www.bahtiyardogan.com.tr\/wp-content\/uploads\/2020\/08\/kuruyemis-yukleme-deyatlari-gorseli-300x300.jpg 300w, https:\/\/www.bahtiyardogan.com.tr\/wp-content\/uploads\/2020\/08\/kuruyemis-yukleme-deyatlari-gorseli-1024x1024.jpg 1024w, https:\/\/www.bahtiyardogan.com.tr\/wp-content\/uploads\/2020\/08\/kuruyemis-yukleme-deyatlari-gorseli-150x150.jpg 150w, https:\/\/www.bahtiyardogan.com.tr\/wp-content\/uploads\/2020\/08\/kuruyemis-yukleme-deyatlari-gorseli-768x768.jpg 768w, https:\/\/www.bahtiyardogan.com.tr\/wp-content\/uploads\/2020\/08\/kuruyemis-yukleme-deyatlari-gorseli-12x12.jpg 12w, https:\/\/www.bahtiyardogan.com.tr\/wp-content\/uploads\/2020\/08\/kuruyemis-yukleme-deyatlari-gorseli-100x100.jpg 100w, https:\/\/www.bahtiyardogan.com.tr\/wp-content\/uploads\/2020\/08\/kuruyemis-yukleme-deyatlari-gorseli-450x450.jpg 450w, https:\/\/www.bahtiyardogan.com.tr\/wp-content\/uploads\/2020\/08\/kuruyemis-yukleme-deyatlari-gorseli-900x900.jpg 900w\" sizes=\"(max-width: 1080px) 100vw, 1080px\" \/><\/a><\/figure><div class=\"elementor-image-box-content\"><h3 class=\"elementor-image-box-title\"><a href=\"\/en\/kuruyemis-yukleme-detaylari\/\">Kuruyemi\u015f Y\u00fckleme Detaylar\u0131<\/a><\/h3><\/div><\/div>\t\t<\/div>\n\t\t\t\t<\/div>\n\t\t\t\t\t<\/div>\n\t\t<\/div>\n\t\t\t\t<div class=\"elementor-column elementor-col-50 elementor-top-column elementor-element elementor-element-8d69a34\" data-id=\"8d69a34\" data-element_type=\"column\">\n\t\t\t<div class=\"elementor-widget-wrap elementor-element-populated\">\n\t\t\t\t\t\t<div class=\"elementor-element elementor-element-4783e35 elementor-position-top elementor-widget elementor-widget-image-box\" data-id=\"4783e35\" data-element_type=\"widget\" data-widget_type=\"image-box.default\">\n\t\t\t\t<div class=\"elementor-widget-container\">\n\t\t\t<div class=\"elementor-image-box-wrapper\"><figure class=\"elementor-image-box-img\"><a href=\"\/en\/lokum-yukleme-detaylari\/\" tabindex=\"-1\"><img decoding=\"async\" width=\"1080\" height=\"1080\" src=\"https:\/\/www.bahtiyardogan.com.tr\/wp-content\/uploads\/2020\/08\/lokoom-yukleme-detaylari-gorseli.jpg\" class=\"attachment-full size-full wp-image-10116\" alt=\"\" srcset=\"https:\/\/www.bahtiyardogan.com.tr\/wp-content\/uploads\/2020\/08\/lokoom-yukleme-detaylari-gorseli.jpg 1080w, https:\/\/www.bahtiyardogan.com.tr\/wp-content\/uploads\/2020\/08\/lokoom-yukleme-detaylari-gorseli-300x300.jpg 300w, https:\/\/www.bahtiyardogan.com.tr\/wp-content\/uploads\/2020\/08\/lokoom-yukleme-detaylari-gorseli-1024x1024.jpg 1024w, https:\/\/www.bahtiyardogan.com.tr\/wp-content\/uploads\/2020\/08\/lokoom-yukleme-detaylari-gorseli-150x150.jpg 150w, https:\/\/www.bahtiyardogan.com.tr\/wp-content\/uploads\/2020\/08\/lokoom-yukleme-detaylari-gorseli-768x768.jpg 768w, https:\/\/www.bahtiyardogan.com.tr\/wp-content\/uploads\/2020\/08\/lokoom-yukleme-detaylari-gorseli-12x12.jpg 12w, https:\/\/www.bahtiyardogan.com.tr\/wp-content\/uploads\/2020\/08\/lokoom-yukleme-detaylari-gorseli-100x100.jpg 100w, https:\/\/www.bahtiyardogan.com.tr\/wp-content\/uploads\/2020\/08\/lokoom-yukleme-detaylari-gorseli-450x450.jpg 450w, https:\/\/www.bahtiyardogan.com.tr\/wp-content\/uploads\/2020\/08\/lokoom-yukleme-detaylari-gorseli-900x900.jpg 900w\" sizes=\"(max-width: 1080px) 100vw, 1080px\" \/><\/a><\/figure><div class=\"elementor-image-box-content\"><h3 class=\"elementor-image-box-title\"><a href=\"\/en\/lokum-yukleme-detaylari\/\">Lokum Y\u00fckleme Detaylar\u0131<\/a><\/h3><\/div><\/div>\t\t<\/div>\n\t\t\t\t<\/div>\n\t\t\t\t\t<\/div>\n\t\t<\/div>\n\t\t\t\t\t<\/div>\n\t\t<\/section>\n\t\t\t\t<\/div>","protected":false},"excerpt":{"rendered":"<p>Kuruyemi\u015f Y\u00fckleme Detaylar\u0131 Lokum Y\u00fckleme Detaylar\u0131<\/p>","protected":false},"author":1,"featured_media":0,"parent":0,"menu_order":0,"comment_status":"closed","ping_status":"closed","template":"","meta":{"inline_featured_image":false,"footnotes":""},"class_list":["post-9872","page","type-page","status-publish","hentry"],"_links":{"self":[{"href":"https:\/\/www.bahtiyardogan.com.tr\/en\/wp-json\/wp\/v2\/pages\/9872","targetHints":{"allow":["GET"]}}],"collection":[{"href":"https:\/\/www.bahtiyardogan.com.tr\/en\/wp-json\/wp\/v2\/pages"}],"about":[{"href":"https:\/\/www.bahtiyardogan.com.tr\/en\/wp-json\/wp\/v2\/types\/page"}],"author":[{"embeddable":true,"href":"https:\/\/www.bahtiyardogan.com.tr\/en\/wp-json\/wp\/v2\/users\/1"}],"replies":[{"embeddable":true,"href":"https:\/\/www.bahtiyardogan.com.tr\/en\/wp-json\/wp\/v2\/comments?post=9872"}],"version-history":[{"count":16,"href":"https:\/\/www.bahtiyardogan.com.tr\/en\/wp-json\/wp\/v2\/pages\/9872\/revisions"}],"predecessor-version":[{"id":10119,"href":"https:\/\/www.bahtiyardogan.com.tr\/en\/wp-json\/wp\/v2\/pages\/9872\/revisions\/10119"}],"wp:attachment":[{"href":"https:\/\/www.bahtiyardogan.com.tr\/en\/wp-json\/wp\/v2\/media?parent=9872"}],"curies":[{"name":"wp","href":"https:\/\/api.w.org\/{rel}","templated":true}]}}