{"id":6559,"date":"2021-02-10T10:47:38","date_gmt":"2021-02-10T07:47:38","guid":{"rendered":"https:\/\/www.bahtiyardogan.com.tr\/product\/import-placeholder-for-4016\/"},"modified":"2021-03-30T11:37:22","modified_gmt":"2021-03-30T08:37:22","slug":"kayisi-cikolatasi","status":"publish","type":"product","link":"https:\/\/www.bahtiyardogan.com.tr\/en\/product\/kayisi-cikolatasi\/","title":{"rendered":"Apricot Chocolate"},"content":{"rendered":"<h1>Apricot Chocolate<\/h1>\n<p>The pre-prepared apricot delight mortar is boiled in Turkish Delight cauldrons. After the apricot delight is boiled, it is left to rest on the pasa. Then it is cut into tiny cubes in Turkish Delight cutting machines. On the other hand, chocolate is boiled in hot cauldrons. The boiled chocolate is poured over the apricot delights and left to cool. The cooled apricot chocolates are carefully packaged and shipped to BAHT\u0130YAR DO\u011eAN\u2019s customers.<\/p>\n<p><strong>\u0130\u00e7indekiler<\/strong>: \u015eeker, m\u0131s\u0131r ni\u015fastas\u0131, asitlik d\u00fczenleyici (sitrik asit), \u00e7e\u015fidine g\u00f6re do\u011fal (g\u00fcl, limon, nar, portakal, \u00e7ilek, muz, kivi, kakao, bergamot) aromas\u0131, \u00e7e\u015fidine g\u00f6re (\u00e7\u00f6\u011fen suyu, Hindistan cevizi,f\u0131nd\u0131k i\u00e7i, Antep f\u0131st\u0131\u011f\u0131, badem i\u00e7i, ceviz i\u00e7i, yer f\u0131st\u0131\u011f\u0131 i\u00e7i)\u00e7e\u015fnisi. \u00c7e\u015fidine g\u00f6re renklendirici (tartrazin e102, sunset yellow e110, teagreen e233)<\/p>","protected":false},"excerpt":{"rendered":"<p>The wonderful taste of apricots and the unique taste of chocolate met with Bahtiyar Dogan's masterings.<\/p>","protected":false},"featured_media":8118,"template":"","meta":{"inline_featured_image":false},"product_brand":[],"product_cat":[173],"product_tag":[201,210,199,198,196,200,211,206,205,195,194,207,204,203,208,197,190,202,185,209,193,192,191,212],"class_list":{"0":"post-6559","1":"product","2":"type-product","3":"status-publish","4":"has-post-thumbnail","6":"product_cat-lokum","7":"product_tag-antep-fistigi","8":"product_tag-apple","9":"product_tag-bahtiyar-dogan","10":"product_tag-bahtiyardogan","11":"product_tag-cappadocia","12":"product_tag-ceviz","13":"product_tag-chocolate","14":"product_tag-cikolata","15":"product_tag-cikolatali","16":"product_tag-delicious","17":"product_tag-delight","18":"product_tag-elma","19":"product_tag-elmali","20":"product_tag-gullu","21":"product_tag-hazelnut","22":"product_tag-kapadokya","23":"product_tag-lokum","24":"product_tag-nar","25":"product_tag-nevsehir","26":"product_tag-pistachio","27":"product_tag-turkey","28":"product_tag-turkish","29":"product_tag-turkish-delight","30":"product_tag-walnut","32":"first","33":"instock","34":"shipping-taxable","35":"purchasable","36":"product-type-variable"},"_links":{"self":[{"href":"https:\/\/www.bahtiyardogan.com.tr\/en\/wp-json\/wp\/v2\/product\/6559","targetHints":{"allow":["GET"]}}],"collection":[{"href":"https:\/\/www.bahtiyardogan.com.tr\/en\/wp-json\/wp\/v2\/product"}],"about":[{"href":"https:\/\/www.bahtiyardogan.com.tr\/en\/wp-json\/wp\/v2\/types\/product"}],"version-history":[{"count":0,"href":"https:\/\/www.bahtiyardogan.com.tr\/en\/wp-json\/wp\/v2\/product\/6559\/revisions"}],"wp:featuredmedia":[{"embeddable":true,"href":"https:\/\/www.bahtiyardogan.com.tr\/en\/wp-json\/wp\/v2\/media\/8118"}],"wp:attachment":[{"href":"https:\/\/www.bahtiyardogan.com.tr\/en\/wp-json\/wp\/v2\/media?parent=6559"}],"wp:term":[{"taxonomy":"product_brand","embeddable":true,"href":"https:\/\/www.bahtiyardogan.com.tr\/en\/wp-json\/wp\/v2\/product_brand?post=6559"},{"taxonomy":"product_cat","embeddable":true,"href":"https:\/\/www.bahtiyardogan.com.tr\/en\/wp-json\/wp\/v2\/product_cat?post=6559"},{"taxonomy":"product_tag","embeddable":true,"href":"https:\/\/www.bahtiyardogan.com.tr\/en\/wp-json\/wp\/v2\/product_tag?post=6559"}],"curies":[{"name":"wp","href":"https:\/\/api.w.org\/{rel}","templated":true}]}}