{"id":7980,"date":"2021-03-18T13:54:42","date_gmt":"2021-03-18T10:54:42","guid":{"rendered":"https:\/\/www.bahtiyardogan.com.tr\/?post_type=product&#038;p=7980"},"modified":"2021-03-30T11:35:41","modified_gmt":"2021-03-30T08:35:41","slug":"basma-bademli-pasa-lokum","status":"publish","type":"product","link":"https:\/\/www.bahtiyardogan.com.tr\/en\/product\/basma-bademli-pasa-lokum\/","title":{"rendered":"Basma Pasha Turkish Delight with Almond"},"content":{"rendered":"<h1>Basma Pasha Turkish Delight with Almond<\/h1>\n<p>After the white Turkish delight is cooked in cauldrons, it is poured into a pasa to cool and rest. Then the cooled white delights are turned into cubes with the help of the Turkish delight cutting machine. White Turkish delights, which have gained their new form, are covered with Coconut. Fresh almonds are placed on white Turkish delight covered with Coconut and sent to the packaging unit. Packaged Basma Pasha Turkish Delights with almonds are served to meet BAHT\u0130YAR DO\u011eAN customers.<\/p>\n<p class=\"translation-block\"><strong>Ingredients<\/strong>: Sugar, corn starch, acidity regulator (citric acid), by type natural (rose, lemon, pomegranate, orange, strawberry, banana, kiwi, cocoa, bergamot) Flavors, by type (soapwort extrackt, coconut, hazelnut, pistachio , almonds, walnuts, peanuts) flavor. by type colorants (tartrazine e102, sunset yellow e110, teagreen e233)<\/p>","protected":false},"excerpt":{"rendered":"<p>Basma Bademli Pa\u015fa Lokum Beyaz lokum, kazanlarda pi\u015firildikten sonra so\u011fumas\u0131 i\u00e7in bir lokum pasalar\u0131na d\u00f6k\u00fclerek dinlendirilir. Ard\u0131ndan so\u011fuyan beyaz lokumlar lokum kesme makinesi yard\u0131m\u0131yla k\u00fcpler haline getirilir. Yeni formuna kavu\u015fan beyaz lokumlar bol Hindistan Cevizi ile kaplan\u0131r. Taptaze bademler Hindistan Cevizi ile kaplanan beyaz lokumlar\u0131n \u00fczerine yerle\u015ftirilerek paketleme \u00fcnitesine g\u00f6nderilir. Paketlenen Basma Pa\u015fa Bademli Lokumlar, [&hellip;]<\/p>\n","protected":false},"featured_media":8112,"template":"","meta":{"inline_featured_image":false},"product_brand":[],"product_cat":[173],"product_tag":[201,210,199,198,196,200,211,206,205,195,194,207,204,203,208,197,190,202,185,209,193,192,191,212],"class_list":{"0":"post-7980","1":"product","2":"type-product","3":"status-publish","4":"has-post-thumbnail","6":"product_cat-lokum","7":"product_tag-antep-fistigi","8":"product_tag-apple","9":"product_tag-bahtiyar-dogan","10":"product_tag-bahtiyardogan","11":"product_tag-cappadocia","12":"product_tag-ceviz","13":"product_tag-chocolate","14":"product_tag-cikolata","15":"product_tag-cikolatali","16":"product_tag-delicious","17":"product_tag-delight","18":"product_tag-elma","19":"product_tag-elmali","20":"product_tag-gullu","21":"product_tag-hazelnut","22":"product_tag-kapadokya","23":"product_tag-lokum","24":"product_tag-nar","25":"product_tag-nevsehir","26":"product_tag-pistachio","27":"product_tag-turkey","28":"product_tag-turkish","29":"product_tag-turkish-delight","30":"product_tag-walnut","32":"first","33":"instock","34":"shipping-taxable","35":"purchasable","36":"product-type-variable"},"_links":{"self":[{"href":"https:\/\/www.bahtiyardogan.com.tr\/en\/wp-json\/wp\/v2\/product\/7980","targetHints":{"allow":["GET"]}}],"collection":[{"href":"https:\/\/www.bahtiyardogan.com.tr\/en\/wp-json\/wp\/v2\/product"}],"about":[{"href":"https:\/\/www.bahtiyardogan.com.tr\/en\/wp-json\/wp\/v2\/types\/product"}],"version-history":[{"count":0,"href":"https:\/\/www.bahtiyardogan.com.tr\/en\/wp-json\/wp\/v2\/product\/7980\/revisions"}],"wp:featuredmedia":[{"embeddable":true,"href":"https:\/\/www.bahtiyardogan.com.tr\/en\/wp-json\/wp\/v2\/media\/8112"}],"wp:attachment":[{"href":"https:\/\/www.bahtiyardogan.com.tr\/en\/wp-json\/wp\/v2\/media?parent=7980"}],"wp:term":[{"taxonomy":"product_brand","embeddable":true,"href":"https:\/\/www.bahtiyardogan.com.tr\/en\/wp-json\/wp\/v2\/product_brand?post=7980"},{"taxonomy":"product_cat","embeddable":true,"href":"https:\/\/www.bahtiyardogan.com.tr\/en\/wp-json\/wp\/v2\/product_cat?post=7980"},{"taxonomy":"product_tag","embeddable":true,"href":"https:\/\/www.bahtiyardogan.com.tr\/en\/wp-json\/wp\/v2\/product_tag?post=7980"}],"curies":[{"name":"wp","href":"https:\/\/api.w.org\/{rel}","templated":true}]}}