{"id":7988,"date":"2021-03-18T14:04:39","date_gmt":"2021-03-18T11:04:39","guid":{"rendered":"https:\/\/www.bahtiyardogan.com.tr\/?post_type=product&#038;p=7988"},"modified":"2021-03-30T11:35:27","modified_gmt":"2021-03-30T08:35:27","slug":"basma-findikli-pasa-lokum","status":"publish","type":"product","link":"https:\/\/www.bahtiyardogan.com.tr\/en\/product\/basma-findikli-pasa-lokum\/","title":{"rendered":"Basma Pasha Turkish Delight With Hazelnut"},"content":{"rendered":"<h1>Basma Pasha Turkish Delight With Hazelnut<\/h1>\n<p>Delight, which is cooked by Turkish delight masters in Turkish delight cauldrons, is cut into cubes after resting in pasa. These flavor grains in cubes are coated one by one with Coconut. Hazelnuts carefully collected from Giresun which known as Turkey's paradise, meticulously roasted nuts in the oven. Roasted hazelnuts are placed on Turkish delights previously covered with Coconut and served after being packaged.<\/p>\n<p class=\"translation-block\"><strong>Ingredients<\/strong>: Sugar, corn starch, acidity regulator (citric acid), by type natural (rose, lemon, pomegranate, orange, strawberry, banana, kiwi, cocoa, bergamot) Flavors, by type (soapwort extrackt, coconut, hazelnut, pistachio , almonds, walnuts, peanuts) flavor. by type colorants (tartrazine e102, sunset yellow e110, teagreen e233)<\/p>","protected":false},"excerpt":{"rendered":"<p>Basma F\u0131nd\u0131kl\u0131 Pa\u015fa Lokum Lokum kazanlar\u0131nda lokum ustalar\u0131 taraf\u0131ndan pi\u015firilen lokumlar,pasalarda dinlendirildikten sonra k\u00fcp \u015feklinde kesilir. K\u00fcpler halindeki bu lezzet taneleri, Hindistan Cevizi ile bir bir kaplan\u0131r. T\u00fcrkiye\u2019nin f\u0131nd\u0131k cenneti olarak bilinen Giresun\u2019dan \u00f6zenle toplanan f\u0131nd\u0131klar, kuruyemi\u015f f\u0131r\u0131nlar\u0131nda titizlikle kavrulur. Kavrulan f\u0131nd\u0131klar, daha \u00f6nce Hindistan Cevizi ile kaplanan lokumlar \u00fczerine yerle\u015ftirilip paketlenerek servis edilir. \u0130\u00e7indekiler: [&hellip;]<\/p>\n","protected":false},"featured_media":8111,"template":"","meta":{"inline_featured_image":false},"product_brand":[],"product_cat":[173],"product_tag":[201,210,199,198,196,200,211,206,205,195,194,207,204,203,208,197,190,202,185,209,193,192,191,212],"class_list":{"0":"post-7988","1":"product","2":"type-product","3":"status-publish","4":"has-post-thumbnail","6":"product_cat-lokum","7":"product_tag-antep-fistigi","8":"product_tag-apple","9":"product_tag-bahtiyar-dogan","10":"product_tag-bahtiyardogan","11":"product_tag-cappadocia","12":"product_tag-ceviz","13":"product_tag-chocolate","14":"product_tag-cikolata","15":"product_tag-cikolatali","16":"product_tag-delicious","17":"product_tag-delight","18":"product_tag-elma","19":"product_tag-elmali","20":"product_tag-gullu","21":"product_tag-hazelnut","22":"product_tag-kapadokya","23":"product_tag-lokum","24":"product_tag-nar","25":"product_tag-nevsehir","26":"product_tag-pistachio","27":"product_tag-turkey","28":"product_tag-turkish","29":"product_tag-turkish-delight","30":"product_tag-walnut","32":"first","33":"instock","34":"shipping-taxable","35":"purchasable","36":"product-type-variable"},"_links":{"self":[{"href":"https:\/\/www.bahtiyardogan.com.tr\/en\/wp-json\/wp\/v2\/product\/7988","targetHints":{"allow":["GET"]}}],"collection":[{"href":"https:\/\/www.bahtiyardogan.com.tr\/en\/wp-json\/wp\/v2\/product"}],"about":[{"href":"https:\/\/www.bahtiyardogan.com.tr\/en\/wp-json\/wp\/v2\/types\/product"}],"version-history":[{"count":0,"href":"https:\/\/www.bahtiyardogan.com.tr\/en\/wp-json\/wp\/v2\/product\/7988\/revisions"}],"wp:featuredmedia":[{"embeddable":true,"href":"https:\/\/www.bahtiyardogan.com.tr\/en\/wp-json\/wp\/v2\/media\/8111"}],"wp:attachment":[{"href":"https:\/\/www.bahtiyardogan.com.tr\/en\/wp-json\/wp\/v2\/media?parent=7988"}],"wp:term":[{"taxonomy":"product_brand","embeddable":true,"href":"https:\/\/www.bahtiyardogan.com.tr\/en\/wp-json\/wp\/v2\/product_brand?post=7988"},{"taxonomy":"product_cat","embeddable":true,"href":"https:\/\/www.bahtiyardogan.com.tr\/en\/wp-json\/wp\/v2\/product_cat?post=7988"},{"taxonomy":"product_tag","embeddable":true,"href":"https:\/\/www.bahtiyardogan.com.tr\/en\/wp-json\/wp\/v2\/product_tag?post=7988"}],"curies":[{"name":"wp","href":"https:\/\/api.w.org\/{rel}","templated":true}]}}