{"id":7996,"date":"2021-03-18T14:09:23","date_gmt":"2021-03-18T11:09:23","guid":{"rendered":"https:\/\/www.bahtiyardogan.com.tr\/?post_type=product&#038;p=7996"},"modified":"2021-03-30T11:35:14","modified_gmt":"2021-03-30T08:35:14","slug":"cikolatali-findikli-sarma-lokum","status":"publish","type":"product","link":"https:\/\/www.bahtiyardogan.com.tr\/en\/product\/cikolatali-findikli-sarma-lokum\/","title":{"rendered":"Sarma Turkish Delight with Hazelnut and Chocolate"},"content":{"rendered":"<h1>Sarma Turkish Delight with Hazelnut and Chocolate<\/h1>\n<p>First, the special Turkish Delight mixture is boiled in the delight cauldrons. Then it is taken to the pasa and rested. The production of Sarma Turkish Delight is slightly different from the other cube Turkish Delight, but it also offers a different taste experience. Turkish Delights rested on pasa are smoothed on the Turkish Delight counter with the help of special rollers. After the delight dough reaches the desired thickness, chocolate and hazelnut cream, which has been prepared previously, is placed in it and wrapped in skillful hands. Finally, the surfaces of the wrapped delights are covered with Coconut. It is served by cutting with special lokum scissors or packaged without cutting.<\/p>\n<p class=\"translation-block\"><strong>Ingredients<\/strong>: Sugar, corn starch, acidity regulator (citric acid), by type natural (rose, lemon, pomegranate, orange, strawberry, banana, kiwi, cocoa, bergamot) Flavors, by type (soapwort extrackt, coconut, hazelnut, pistachio , almonds, walnuts, peanuts) flavor. by type colorants (tartrazine e102, sunset yellow e110, teagreen e233)<\/p>","protected":false},"excerpt":{"rendered":"<p>\u00c7ikolatal\u0131 F\u0131nd\u0131kl\u0131 Sarma Lokum \u00d6zel lokum kar\u0131\u015f\u0131m\u0131 \u00f6nce lokum kazanlar\u0131nda kaynat\u0131l\u0131r. Daha sonra pasalara al\u0131narak dinlendirilir. Sarma lokumun yap\u0131m\u0131 di\u011fer k\u00fcp lokumlar\u0131n yap\u0131m\u0131ndan biraz daha farkl\u0131 olmakla birlikte, farkl\u0131 bir lezzet deneyimi de sunmaktad\u0131r. Pasalarda dinlendirilen lokumlar lokum tezgahlar\u0131nda \u00f6zel merdaneler yard\u0131m\u0131yla d\u00fczle\u015ftirilir. Lokum hamuru istenen kal\u0131nl\u0131\u011fa ula\u015ft\u0131ktan sonra, i\u00e7erisine daha \u00f6nceden haz\u0131rlanm\u0131\u015f olan \u00e7ikolatal\u0131 [&hellip;]<\/p>\n","protected":false},"featured_media":8110,"template":"","meta":{"inline_featured_image":false},"product_brand":[],"product_cat":[173],"product_tag":[201,210,199,198,196,200,211,206,205,195,194,207,204,203,208,197,190,202,185,209,193,192,191,212],"class_list":{"0":"post-7996","1":"product","2":"type-product","3":"status-publish","4":"has-post-thumbnail","6":"product_cat-lokum","7":"product_tag-antep-fistigi","8":"product_tag-apple","9":"product_tag-bahtiyar-dogan","10":"product_tag-bahtiyardogan","11":"product_tag-cappadocia","12":"product_tag-ceviz","13":"product_tag-chocolate","14":"product_tag-cikolata","15":"product_tag-cikolatali","16":"product_tag-delicious","17":"product_tag-delight","18":"product_tag-elma","19":"product_tag-elmali","20":"product_tag-gullu","21":"product_tag-hazelnut","22":"product_tag-kapadokya","23":"product_tag-lokum","24":"product_tag-nar","25":"product_tag-nevsehir","26":"product_tag-pistachio","27":"product_tag-turkey","28":"product_tag-turkish","29":"product_tag-turkish-delight","30":"product_tag-walnut","32":"first","33":"instock","34":"shipping-taxable","35":"purchasable","36":"product-type-variable"},"_links":{"self":[{"href":"https:\/\/www.bahtiyardogan.com.tr\/en\/wp-json\/wp\/v2\/product\/7996","targetHints":{"allow":["GET"]}}],"collection":[{"href":"https:\/\/www.bahtiyardogan.com.tr\/en\/wp-json\/wp\/v2\/product"}],"about":[{"href":"https:\/\/www.bahtiyardogan.com.tr\/en\/wp-json\/wp\/v2\/types\/product"}],"version-history":[{"count":0,"href":"https:\/\/www.bahtiyardogan.com.tr\/en\/wp-json\/wp\/v2\/product\/7996\/revisions"}],"wp:featuredmedia":[{"embeddable":true,"href":"https:\/\/www.bahtiyardogan.com.tr\/en\/wp-json\/wp\/v2\/media\/8110"}],"wp:attachment":[{"href":"https:\/\/www.bahtiyardogan.com.tr\/en\/wp-json\/wp\/v2\/media?parent=7996"}],"wp:term":[{"taxonomy":"product_brand","embeddable":true,"href":"https:\/\/www.bahtiyardogan.com.tr\/en\/wp-json\/wp\/v2\/product_brand?post=7996"},{"taxonomy":"product_cat","embeddable":true,"href":"https:\/\/www.bahtiyardogan.com.tr\/en\/wp-json\/wp\/v2\/product_cat?post=7996"},{"taxonomy":"product_tag","embeddable":true,"href":"https:\/\/www.bahtiyardogan.com.tr\/en\/wp-json\/wp\/v2\/product_tag?post=7996"}],"curies":[{"name":"wp","href":"https:\/\/api.w.org\/{rel}","templated":true}]}}