{"id":8005,"date":"2021-03-18T14:22:07","date_gmt":"2021-03-18T11:22:07","guid":{"rendered":"https:\/\/www.bahtiyardogan.com.tr\/?post_type=product&#038;p=8005"},"modified":"2021-03-30T11:34:58","modified_gmt":"2021-03-30T08:34:58","slug":"file-cikolatali-lokum","status":"publish","type":"product","link":"https:\/\/www.bahtiyardogan.com.tr\/en\/product\/file-cikolatali-lokum\/","title":{"rendered":"Turkish Delight with Chocolate Covered with Pistachio"},"content":{"rendered":"<h1>Turkish Delight with Chocolate Covered with Pistachio<\/h1>\n<p>Pre-prepared delight mortar is boiled in delight boilers. It is poured into pasa to cool and rest. The rested delight mortar is opened on the delight counter with the help of special rollers. Delight dough, which has been thinly opened by master hands, is wrapped by adding chocolate cream on it. Finally, the surface is covered with Pistachio particles and shipped by cutting with special scissors or packaged without cutting.<\/p>\n<p class=\"translation-block\"><strong>Ingredients<\/strong>: Sugar, corn starch, acidity regulator (citric acid), by type natural (rose, lemon, pomegranate, orange, strawberry, banana, kiwi, cocoa, bergamot) Flavors, by type (soapwort extrackt, coconut, hazelnut, pistachio , almonds, walnuts, peanuts) flavor. by type colorants (tartrazine e102, sunset yellow e110, teagreen e233)<\/p>","protected":false},"excerpt":{"rendered":"<p>File \u00c7ikolatal\u0131 Lokum \u00d6nceden haz\u0131rlanm\u0131\u015f olan lokum harc\u0131 lokum kazanlar\u0131nda kaynat\u0131l\u0131r. So\u011fumas\u0131 ve dinlendirilmesi amac\u0131yla pasalara d\u00f6k\u00fcl\u00fcr. Dinlendirilen lokum harc\u0131, lokum tezgah\u0131nda \u00f6zel merdaneler yard\u0131m\u0131yla a\u00e7\u0131l\u0131r.\u00a0 Usta ellerle ince bir \u015fekilde a\u00e7\u0131lm\u0131\u015f olan lokum hamuru, \u00fczerine \u00e7ikolata kremas\u0131 eklenerek sar\u0131m\u0131 yap\u0131l\u0131r.Son olarak\u00a0 y\u00fczeyi Antep F\u0131st\u0131\u011f\u0131 par\u00e7ac\u0131klar\u0131 ile kaplanarak iste\u011fe g\u00f6re \u00f6zel makas ile kesimi yap\u0131larak [&hellip;]<\/p>\n","protected":false},"featured_media":8108,"template":"","meta":{"inline_featured_image":false},"product_brand":[],"product_cat":[173],"product_tag":[201,210,199,198,196,200,211,206,205,195,194,207,204,203,208,197,190,202,185,209,193,192,191,212],"class_list":{"0":"post-8005","1":"product","2":"type-product","3":"status-publish","4":"has-post-thumbnail","6":"product_cat-lokum","7":"product_tag-antep-fistigi","8":"product_tag-apple","9":"product_tag-bahtiyar-dogan","10":"product_tag-bahtiyardogan","11":"product_tag-cappadocia","12":"product_tag-ceviz","13":"product_tag-chocolate","14":"product_tag-cikolata","15":"product_tag-cikolatali","16":"product_tag-delicious","17":"product_tag-delight","18":"product_tag-elma","19":"product_tag-elmali","20":"product_tag-gullu","21":"product_tag-hazelnut","22":"product_tag-kapadokya","23":"product_tag-lokum","24":"product_tag-nar","25":"product_tag-nevsehir","26":"product_tag-pistachio","27":"product_tag-turkey","28":"product_tag-turkish","29":"product_tag-turkish-delight","30":"product_tag-walnut","32":"first","33":"instock","34":"shipping-taxable","35":"purchasable","36":"product-type-variable"},"_links":{"self":[{"href":"https:\/\/www.bahtiyardogan.com.tr\/en\/wp-json\/wp\/v2\/product\/8005","targetHints":{"allow":["GET"]}}],"collection":[{"href":"https:\/\/www.bahtiyardogan.com.tr\/en\/wp-json\/wp\/v2\/product"}],"about":[{"href":"https:\/\/www.bahtiyardogan.com.tr\/en\/wp-json\/wp\/v2\/types\/product"}],"version-history":[{"count":0,"href":"https:\/\/www.bahtiyardogan.com.tr\/en\/wp-json\/wp\/v2\/product\/8005\/revisions"}],"wp:featuredmedia":[{"embeddable":true,"href":"https:\/\/www.bahtiyardogan.com.tr\/en\/wp-json\/wp\/v2\/media\/8108"}],"wp:attachment":[{"href":"https:\/\/www.bahtiyardogan.com.tr\/en\/wp-json\/wp\/v2\/media?parent=8005"}],"wp:term":[{"taxonomy":"product_brand","embeddable":true,"href":"https:\/\/www.bahtiyardogan.com.tr\/en\/wp-json\/wp\/v2\/product_brand?post=8005"},{"taxonomy":"product_cat","embeddable":true,"href":"https:\/\/www.bahtiyardogan.com.tr\/en\/wp-json\/wp\/v2\/product_cat?post=8005"},{"taxonomy":"product_tag","embeddable":true,"href":"https:\/\/www.bahtiyardogan.com.tr\/en\/wp-json\/wp\/v2\/product_tag?post=8005"}],"curies":[{"name":"wp","href":"https:\/\/api.w.org\/{rel}","templated":true}]}}