{"id":8014,"date":"2021-03-18T14:34:11","date_gmt":"2021-03-18T11:34:11","guid":{"rendered":"https:\/\/www.bahtiyardogan.com.tr\/?post_type=product&#038;p=8014"},"modified":"2021-03-30T11:34:46","modified_gmt":"2021-03-30T08:34:46","slug":"frambuazli-cikolatali-lokum","status":"publish","type":"product","link":"https:\/\/www.bahtiyardogan.com.tr\/en\/product\/frambuazli-cikolatali-lokum\/","title":{"rendered":"Turkish Delight with Raspberry Covered with Chocolate"},"content":{"rendered":"<h1>Turkish Delight with Raspberry Covered with Chocolate<\/h1>\n<p>Turkish Delight mortar, the content of which is prepared beforehand, is boiled in the Turkish Delight cauldrons. Raspberry is added to the mixture during boiling. After boiling for a certain time, it is left to rest in pasa. Then it is cut into tiny cubes in Turkish Delight cutting machines. On the other hand, chocolate is boiled in hot cauldrons. The boiled chocolate poured over the raspberry Turkish Delights and let it to cool. The chilled raspberry chocolate delights are carefully packaged and shipped to BAHT\u0130YAR DO\u011eAN customers.<\/p>\n<p class=\"translation-block\"><strong>Ingredients<\/strong>: Sugar, corn starch, acidity regulator (citric acid), by type natural (rose, lemon, pomegranate, orange, strawberry, banana, kiwi, cocoa, bergamot) Flavors, by type (soapwort extrackt, coconut, hazelnut, pistachio , almonds, walnuts, peanuts) flavor. by type colorants (tartrazine e102, sunset yellow e110, teagreen e233)<\/p>","protected":false},"excerpt":{"rendered":"<p>Frambuazl\u0131 \u00c7ikolatal\u0131 Lokum \u0130\u00e7eri\u011fi \u00f6nceden haz\u0131rlanm\u0131\u015f olan lokum harc\u0131, lokum kazanlar\u0131nda kaynat\u0131l\u0131r. Kaynama esnas\u0131nda kar\u0131\u015f\u0131ma Frambuaz eklemesi yap\u0131l\u0131r. Belirli bir s\u00fcre daha kaynat\u0131ld\u0131ktan sonra pasalarda dinlenmeye b\u0131rak\u0131l\u0131r. Ard\u0131ndan lokum kesim makinelerinde minik k\u00fcpler halinde kesimi yap\u0131l\u0131r. Di\u011fer taraftan \u00e7ikolata s\u0131cak kazanlarda kaynat\u0131l\u0131r. Kaynam\u0131\u015f \u00e7ikolata frambuazl\u0131 lokumlar\u0131n \u00fczerine d\u00f6k\u00fclerek so\u011fumaya b\u0131rak\u0131l\u0131r. So\u011fuyan frambuazl\u0131 \u00e7ikolatal\u0131 lokumlar titizlikle [&hellip;]<\/p>\n","protected":false},"featured_media":8107,"template":"","meta":{"inline_featured_image":false},"product_brand":[],"product_cat":[173],"product_tag":[201,210,199,198,196,200,211,206,205,195,194,207,204,203,208,197,190,202,185,209,193,192,191,212],"class_list":{"0":"post-8014","1":"product","2":"type-product","3":"status-publish","4":"has-post-thumbnail","6":"product_cat-lokum","7":"product_tag-antep-fistigi","8":"product_tag-apple","9":"product_tag-bahtiyar-dogan","10":"product_tag-bahtiyardogan","11":"product_tag-cappadocia","12":"product_tag-ceviz","13":"product_tag-chocolate","14":"product_tag-cikolata","15":"product_tag-cikolatali","16":"product_tag-delicious","17":"product_tag-delight","18":"product_tag-elma","19":"product_tag-elmali","20":"product_tag-gullu","21":"product_tag-hazelnut","22":"product_tag-kapadokya","23":"product_tag-lokum","24":"product_tag-nar","25":"product_tag-nevsehir","26":"product_tag-pistachio","27":"product_tag-turkey","28":"product_tag-turkish","29":"product_tag-turkish-delight","30":"product_tag-walnut","32":"first","33":"instock","34":"shipping-taxable","35":"purchasable","36":"product-type-variable"},"_links":{"self":[{"href":"https:\/\/www.bahtiyardogan.com.tr\/en\/wp-json\/wp\/v2\/product\/8014","targetHints":{"allow":["GET"]}}],"collection":[{"href":"https:\/\/www.bahtiyardogan.com.tr\/en\/wp-json\/wp\/v2\/product"}],"about":[{"href":"https:\/\/www.bahtiyardogan.com.tr\/en\/wp-json\/wp\/v2\/types\/product"}],"version-history":[{"count":0,"href":"https:\/\/www.bahtiyardogan.com.tr\/en\/wp-json\/wp\/v2\/product\/8014\/revisions"}],"wp:featuredmedia":[{"embeddable":true,"href":"https:\/\/www.bahtiyardogan.com.tr\/en\/wp-json\/wp\/v2\/media\/8107"}],"wp:attachment":[{"href":"https:\/\/www.bahtiyardogan.com.tr\/en\/wp-json\/wp\/v2\/media?parent=8014"}],"wp:term":[{"taxonomy":"product_brand","embeddable":true,"href":"https:\/\/www.bahtiyardogan.com.tr\/en\/wp-json\/wp\/v2\/product_brand?post=8014"},{"taxonomy":"product_cat","embeddable":true,"href":"https:\/\/www.bahtiyardogan.com.tr\/en\/wp-json\/wp\/v2\/product_cat?post=8014"},{"taxonomy":"product_tag","embeddable":true,"href":"https:\/\/www.bahtiyardogan.com.tr\/en\/wp-json\/wp\/v2\/product_tag?post=8014"}],"curies":[{"name":"wp","href":"https:\/\/api.w.org\/{rel}","templated":true}]}}