{"id":8022,"date":"2021-03-18T14:36:24","date_gmt":"2021-03-18T11:36:24","guid":{"rendered":"https:\/\/www.bahtiyardogan.com.tr\/?post_type=product&#038;p=8022"},"modified":"2021-03-30T11:34:29","modified_gmt":"2021-03-30T08:34:29","slug":"gullu-lokum","status":"publish","type":"product","link":"https:\/\/www.bahtiyardogan.com.tr\/en\/product\/gullu-lokum\/","title":{"rendered":"Turkish Delight with Rose Flavore"},"content":{"rendered":"<h1>Turkish Delight with Rose Flavore<\/h1>\n<p>Prepared special Turkish Delight mortar is mixed and boiled in Turkish Delight cauldrons. Natural rose aroma is added during boiling. After boiling for a certain period of time, it is taken into pasa to rest. After waiting for a certain time, the delight is cut into cubes in the cutting machine. The surface of the cut delight grains is covered with powdered sugar and packaged meticulously according to their weight. Natural Rose Delights are shipped to be presented to the liking of BAHT\u0130YAR DO\u011eAN\u2019s customers.<\/p>\n<p class=\"translation-block\"><strong>Ingredients<\/strong>: Sugar, corn starch, acidity regulator (citric acid), by type natural (rose, lemon, pomegranate, orange, strawberry, banana, kiwi, cocoa, bergamot) Flavors, by type (soapwort extrackt, coconut, hazelnut, pistachio , almonds, walnuts, peanuts) flavor. by type colorants (tartrazine e102, sunset yellow e110, teagreen e233)<\/p>","protected":false},"excerpt":{"rendered":"<p>G\u00fcll\u00fc Lokum \u00d6nceden haz\u0131rlanm\u0131\u015f olan \u00f6zel lokum harc\u0131, lokum kazanlar\u0131nda kar\u0131\u015ft\u0131r\u0131larak kaynat\u0131l\u0131r. Kaynama s\u0131ras\u0131nda g\u00fcl aromas\u0131 eklenir.\u00a0 Belirli bir s\u00fcre daha kaynat\u0131ld\u0131ktan sonra dinlendirilmek \u00fczere pasalara al\u0131n\u0131r. Belirli bir s\u00fcre bekledikten sonra lokum kesme makinesinde k\u00fcpler halinde par\u00e7alara ayr\u0131l\u0131r. Kesimi yap\u0131lan lokum tanelerinin y\u00fczeyi pudra \u015fekeri ile kaplanarak gramaj\u0131na g\u00f6re titizlikle paketlemesi yap\u0131l\u0131r. BAHT\u0130YAR DO\u011eAN [&hellip;]<\/p>\n","protected":false},"featured_media":8106,"template":"","meta":{"inline_featured_image":false},"product_brand":[],"product_cat":[173],"product_tag":[201,210,199,198,196,200,211,206,205,195,194,207,204,203,208,197,190,202,185,209,193,192,191,212],"class_list":{"0":"post-8022","1":"product","2":"type-product","3":"status-publish","4":"has-post-thumbnail","6":"product_cat-lokum","7":"product_tag-antep-fistigi","8":"product_tag-apple","9":"product_tag-bahtiyar-dogan","10":"product_tag-bahtiyardogan","11":"product_tag-cappadocia","12":"product_tag-ceviz","13":"product_tag-chocolate","14":"product_tag-cikolata","15":"product_tag-cikolatali","16":"product_tag-delicious","17":"product_tag-delight","18":"product_tag-elma","19":"product_tag-elmali","20":"product_tag-gullu","21":"product_tag-hazelnut","22":"product_tag-kapadokya","23":"product_tag-lokum","24":"product_tag-nar","25":"product_tag-nevsehir","26":"product_tag-pistachio","27":"product_tag-turkey","28":"product_tag-turkish","29":"product_tag-turkish-delight","30":"product_tag-walnut","32":"first","33":"instock","34":"shipping-taxable","35":"purchasable","36":"product-type-variable"},"_links":{"self":[{"href":"https:\/\/www.bahtiyardogan.com.tr\/en\/wp-json\/wp\/v2\/product\/8022","targetHints":{"allow":["GET"]}}],"collection":[{"href":"https:\/\/www.bahtiyardogan.com.tr\/en\/wp-json\/wp\/v2\/product"}],"about":[{"href":"https:\/\/www.bahtiyardogan.com.tr\/en\/wp-json\/wp\/v2\/types\/product"}],"version-history":[{"count":0,"href":"https:\/\/www.bahtiyardogan.com.tr\/en\/wp-json\/wp\/v2\/product\/8022\/revisions"}],"wp:featuredmedia":[{"embeddable":true,"href":"https:\/\/www.bahtiyardogan.com.tr\/en\/wp-json\/wp\/v2\/media\/8106"}],"wp:attachment":[{"href":"https:\/\/www.bahtiyardogan.com.tr\/en\/wp-json\/wp\/v2\/media?parent=8022"}],"wp:term":[{"taxonomy":"product_brand","embeddable":true,"href":"https:\/\/www.bahtiyardogan.com.tr\/en\/wp-json\/wp\/v2\/product_brand?post=8022"},{"taxonomy":"product_cat","embeddable":true,"href":"https:\/\/www.bahtiyardogan.com.tr\/en\/wp-json\/wp\/v2\/product_cat?post=8022"},{"taxonomy":"product_tag","embeddable":true,"href":"https:\/\/www.bahtiyardogan.com.tr\/en\/wp-json\/wp\/v2\/product_tag?post=8022"}],"curies":[{"name":"wp","href":"https:\/\/api.w.org\/{rel}","templated":true}]}}