{"id":8052,"date":"2021-03-18T14:57:03","date_gmt":"2021-03-18T11:57:03","guid":{"rendered":"https:\/\/www.bahtiyardogan.com.tr\/?post_type=product&#038;p=8052"},"modified":"2021-03-30T11:33:40","modified_gmt":"2021-03-30T08:33:40","slug":"cifte-kavrulmus-antep-fistikli-pudra-sekerli-lokum","status":"publish","type":"product","link":"https:\/\/www.bahtiyardogan.com.tr\/en\/product\/cifte-kavrulmus-antep-fistikli-pudra-sekerli-lokum\/","title":{"rendered":"Double Roasted Turkish Delight with Powder Sugar and Pistachio"},"content":{"rendered":"<h1>Double Roasted Turkish Delight with Powder Sugar and Pistachio<\/h1>\n<p>The specially prepared Turkish Delight mixture is boiled in the Turkish Delight cauldrons. During boiling, Pistachio, previously roasted in nuts roasting ovens, is added to the Turkish Delight mixture. After boiling for a certain period of time, it is poured into the pasa to cool down and rest. Later, it is cut in the determined dimensions on the lokum cutting machines. After the surfaces of the cut pieces are coated with powdered sugar, they are packed meticulously, and the production and expiry dates are printed on the box. It is served for distribution after the packaging process is completed.<\/p>\n<p class=\"translation-block\"><strong>Ingredients<\/strong>: Sugar, corn starch, acidity regulator (citric acid), by type natural (rose, lemon, pomegranate, orange, strawberry, banana, kiwi, cocoa, bergamot) Flavors, by type (soapwort extrackt, coconut, hazelnut, pistachio , almonds, walnuts, peanuts) flavor. by type colorants (tartrazine e102, sunset yellow e110, teagreen e233)<\/p>","protected":false},"excerpt":{"rendered":"<p>\u00c7ifte Kavrulmu\u015f Antep F\u0131st\u0131kl\u0131 Pudra \u015eekerli Lokum Haz\u0131rlanm\u0131\u015f olan \u00f6zel lokum kar\u0131\u015f\u0131m\u0131, lokum kazanlar\u0131nda kaynat\u0131l\u0131r. Kaynama esnas\u0131nda daha \u00f6nceden kuruyemi\u015f kavurma f\u0131r\u0131nlar\u0131nda kavrulan Antep F\u0131st\u0131\u011f\u0131 lokum kar\u0131\u015f\u0131m\u0131n\u0131n i\u00e7erisine eklenir. Belirli bir s\u00fcre daha kaynad\u0131ktan sonra, pasalara so\u011fumas\u0131 ve dinlendirilmesi amac\u0131yla d\u00f6k\u00fcl\u00fcr. Daha sonra lokum kesme makinelerinde belirlenen boyutlarda kesimi yap\u0131l\u0131r.\u00a0 Kesilen par\u00e7alar\u0131n y\u00fczeyleri pudra \u015fekeri [&hellip;]<\/p>\n","protected":false},"featured_media":8103,"template":"","meta":{"inline_featured_image":false},"product_brand":[],"product_cat":[173],"product_tag":[201,210,199,198,196,200,211,206,205,195,194,207,204,203,208,197,190,202,185,209,193,192,191,212],"class_list":{"0":"post-8052","1":"product","2":"type-product","3":"status-publish","4":"has-post-thumbnail","6":"product_cat-lokum","7":"product_tag-antep-fistigi","8":"product_tag-apple","9":"product_tag-bahtiyar-dogan","10":"product_tag-bahtiyardogan","11":"product_tag-cappadocia","12":"product_tag-ceviz","13":"product_tag-chocolate","14":"product_tag-cikolata","15":"product_tag-cikolatali","16":"product_tag-delicious","17":"product_tag-delight","18":"product_tag-elma","19":"product_tag-elmali","20":"product_tag-gullu","21":"product_tag-hazelnut","22":"product_tag-kapadokya","23":"product_tag-lokum","24":"product_tag-nar","25":"product_tag-nevsehir","26":"product_tag-pistachio","27":"product_tag-turkey","28":"product_tag-turkish","29":"product_tag-turkish-delight","30":"product_tag-walnut","32":"first","33":"instock","34":"shipping-taxable","35":"purchasable","36":"product-type-variable"},"_links":{"self":[{"href":"https:\/\/www.bahtiyardogan.com.tr\/en\/wp-json\/wp\/v2\/product\/8052","targetHints":{"allow":["GET"]}}],"collection":[{"href":"https:\/\/www.bahtiyardogan.com.tr\/en\/wp-json\/wp\/v2\/product"}],"about":[{"href":"https:\/\/www.bahtiyardogan.com.tr\/en\/wp-json\/wp\/v2\/types\/product"}],"version-history":[{"count":0,"href":"https:\/\/www.bahtiyardogan.com.tr\/en\/wp-json\/wp\/v2\/product\/8052\/revisions"}],"wp:featuredmedia":[{"embeddable":true,"href":"https:\/\/www.bahtiyardogan.com.tr\/en\/wp-json\/wp\/v2\/media\/8103"}],"wp:attachment":[{"href":"https:\/\/www.bahtiyardogan.com.tr\/en\/wp-json\/wp\/v2\/media?parent=8052"}],"wp:term":[{"taxonomy":"product_brand","embeddable":true,"href":"https:\/\/www.bahtiyardogan.com.tr\/en\/wp-json\/wp\/v2\/product_brand?post=8052"},{"taxonomy":"product_cat","embeddable":true,"href":"https:\/\/www.bahtiyardogan.com.tr\/en\/wp-json\/wp\/v2\/product_cat?post=8052"},{"taxonomy":"product_tag","embeddable":true,"href":"https:\/\/www.bahtiyardogan.com.tr\/en\/wp-json\/wp\/v2\/product_tag?post=8052"}],"curies":[{"name":"wp","href":"https:\/\/api.w.org\/{rel}","templated":true}]}}