{"id":8696,"date":"2021-03-23T10:58:06","date_gmt":"2021-03-23T07:58:06","guid":{"rendered":"https:\/\/www.bahtiyardogan.com.tr\/?post_type=product&#038;p=8696"},"modified":"2021-03-24T10:27:15","modified_gmt":"2021-03-24T07:27:15","slug":"tuzlu-findik-ici","status":"publish","type":"product","link":"https:\/\/www.bahtiyardogan.com.tr\/en\/product\/tuzlu-findik-ici\/","title":{"rendered":"Unshelled Roasted and Salted Hazelnut"},"content":{"rendered":"<h1>Do\u011fan&#8217;\u0131n Lezzeti Kuruyemi\u015f Kavrulmu\u015f Tuzlu F\u0131nd\u0131k<\/h1>\n<p><span style=\"font-size: 20px;\"><strong>\u00dcr\u00fcnlerimiz;<\/strong><\/span><\/p>\n<p><span style=\"font-size: 20px;\">Kuruyemi\u015f sekt\u00f6r\u00fcnde 1999 y\u0131l\u0131ndan bu yana faaliyet g\u00f6steren, halihaz\u0131rda\u00a0Nev\u015fehir&#8217;de 6 \u015fubesiyle\u00a0hizmet vermekte olan\u00a0<b>Do\u011fan&#8217;\u0131n Lezzeti\u00a0Kuruyemi\u015f\u00a0<\/b>tecr\u00fcbesi ve kalitesi ile <strong>t\u00fcm T\u00fcrkiye&#8217;ye\u00a0sunulmaktad\u0131r.<\/strong><\/span><\/p>\n<p><span style=\"font-size: 20px;\">\u00dcr\u00fcnler siz\u00a0ve sevdikleriniz g\u00fcvenle t\u00fcketebilin diye tazeli\u011fe, kaliteye, temizli\u011fe ve insan sa\u011fl\u0131\u011f\u0131na \u00f6nem vererek el de\u011fmeden sipari\u015finizden sonra hava almayan ve \u00fcr\u00fcn tazeli\u011fini koruyan \u00f6zel ambalajlara\u00a0paketlenmektedir.<\/span><\/p>","protected":false},"excerpt":{"rendered":"<p>Do\u011fan&#8217;\u0131n Lezzeti Kuruyemi\u015f Kavrulmu\u015f Tuzlu F\u0131nd\u0131k<\/p>","protected":false},"featured_media":9331,"template":"","meta":{"inline_featured_image":false},"product_brand":[],"product_cat":[165],"product_tag":[],"class_list":{"0":"post-8696","1":"product","2":"type-product","3":"status-publish","4":"has-post-thumbnail","6":"product_cat-findik","8":"first","9":"instock","10":"shipping-taxable","11":"purchasable","12":"product-type-variable"},"_links":{"self":[{"href":"https:\/\/www.bahtiyardogan.com.tr\/en\/wp-json\/wp\/v2\/product\/8696","targetHints":{"allow":["GET"]}}],"collection":[{"href":"https:\/\/www.bahtiyardogan.com.tr\/en\/wp-json\/wp\/v2\/product"}],"about":[{"href":"https:\/\/www.bahtiyardogan.com.tr\/en\/wp-json\/wp\/v2\/types\/product"}],"version-history":[{"count":0,"href":"https:\/\/www.bahtiyardogan.com.tr\/en\/wp-json\/wp\/v2\/product\/8696\/revisions"}],"wp:featuredmedia":[{"embeddable":true,"href":"https:\/\/www.bahtiyardogan.com.tr\/en\/wp-json\/wp\/v2\/media\/9331"}],"wp:attachment":[{"href":"https:\/\/www.bahtiyardogan.com.tr\/en\/wp-json\/wp\/v2\/media?parent=8696"}],"wp:term":[{"taxonomy":"product_brand","embeddable":true,"href":"https:\/\/www.bahtiyardogan.com.tr\/en\/wp-json\/wp\/v2\/product_brand?post=8696"},{"taxonomy":"product_cat","embeddable":true,"href":"https:\/\/www.bahtiyardogan.com.tr\/en\/wp-json\/wp\/v2\/product_cat?post=8696"},{"taxonomy":"product_tag","embeddable":true,"href":"https:\/\/www.bahtiyardogan.com.tr\/en\/wp-json\/wp\/v2\/product_tag?post=8696"}],"curies":[{"name":"wp","href":"https:\/\/api.w.org\/{rel}","templated":true}]}}